{"id":16,"date":"2014-04-01T19:43:46","date_gmt":"2014-04-01T19:43:46","guid":{"rendered":"http:\/\/warsztatydziennikarskie.com.pl\/?page_id=16"},"modified":"2015-01-01T17:33:12","modified_gmt":"2015-01-01T17:33:12","slug":"kontakt-2","status":"publish","type":"page","link":"http:\/\/warsztatydziennikarskie.com.pl\/?page_id=16","title":{"rendered":"KONTAKT"},"content":{"rendered":"<ul>\n<li>W sprawie zam\u00f3wienia warsztat\u00f3w dziennikarskich prosz\u0119 o kontakt z:<\/li>\n<\/ul>\n<p><strong>Gabriela Niedzielska<\/strong><\/p>\n<p>Agencja Autorska AUTOGRAF<\/p>\n<p><strong><a href=\"http:\/\/warsztatydziennikarskie.com.pl\/wp-content\/uploads\/2014\/04\/odciskx.gif\"><img loading=\"lazy\" decoding=\"async\" class=\"size-full wp-image-69 alignleft\" src=\"http:\/\/warsztatydziennikarskie.com.pl\/wp-content\/uploads\/2014\/04\/odciskx.gif\" alt=\"odciskx\" width=\"183\" height=\"96\" \/><\/a><\/strong><\/p>\n<p>90-251 \u0141\u00f3d\u017a, Jaracza 55a m. 49<br \/>\ntel.\/fax 42 631 92 10<br \/>\ntel. 606 780 007<br \/>\ne-mail: <a href=\"mailto: g.niedzielska@autograf.pl\">g.niedzielska@autograf.pl<\/a><br \/>\n<a href=\"http:\/\/www.agencja-autograf.pl\" target=\"_blank\">www.agencja-autograf.pl<\/a><\/p>\n<ul>\n<li>W sprawie zakupu podr\u0119cznika zapraszam do <a href=\"http:\/\/rynek-ksiazki.pl\/sklep\/-kurs-dziennikarstwa-dla-samoukow_349.html\" target=\"_blank\">ksi\u0119garni wydawnictwa<\/a> &#8222;Biblioteka Analiz&#8221;.<\/li>\n<\/ul>\n","protected":false},"excerpt":{"rendered":"<p>W sprawie zam\u00f3wienia warsztat\u00f3w dziennikarskich prosz\u0119 o kontakt z: Gabriela Niedzielska Agencja Autorska AUTOGRAF 90-251 \u0141\u00f3d\u017a, Jaracza 55a m. 49 tel.\/fax 42 631 92 10 tel. 606 780 007 e-mail: g.niedzielska@autograf.pl www.agencja-autograf.pl W sprawie zakupu podr\u0119cznika zapraszam do ksi\u0119garni wydawnictwa &#8222;Biblioteka Analiz&#8221;.<\/p>\n","protected":false},"author":1,"featured_media":0,"parent":0,"menu_order":2,"comment_status":"closed","ping_status":"closed","template":"","meta":{"_crdt_document":"","footnotes":""},"class_list":["post-16","page","type-page","status-publish","hentry"],"_links":{"self":[{"href":"http:\/\/warsztatydziennikarskie.com.pl\/index.php?rest_route=\/wp\/v2\/pages\/16","targetHints":{"allow":["GET"]}}],"collection":[{"href":"http:\/\/warsztatydziennikarskie.com.pl\/index.php?rest_route=\/wp\/v2\/pages"}],"about":[{"href":"http:\/\/warsztatydziennikarskie.com.pl\/index.php?rest_route=\/wp\/v2\/types\/page"}],"author":[{"embeddable":true,"href":"http:\/\/warsztatydziennikarskie.com.pl\/index.php?rest_route=\/wp\/v2\/users\/1"}],"replies":[{"embeddable":true,"href":"http:\/\/warsztatydziennikarskie.com.pl\/index.php?rest_route=%2Fwp%2Fv2%2Fcomments&post=16"}],"version-history":[{"count":9,"href":"http:\/\/warsztatydziennikarskie.com.pl\/index.php?rest_route=\/wp\/v2\/pages\/16\/revisions"}],"predecessor-version":[{"id":147,"href":"http:\/\/warsztatydziennikarskie.com.pl\/index.php?rest_route=\/wp\/v2\/pages\/16\/revisions\/147"}],"wp:attachment":[{"href":"http:\/\/warsztatydziennikarskie.com.pl\/index.php?rest_route=%2Fwp%2Fv2%2Fmedia&parent=16"}],"curies":[{"name":"wp","href":"https:\/\/api.w.org\/{rel}","templated":true}]}}